{"id":13932,"date":"2025-02-26T13:12:57","date_gmt":"2025-02-26T13:12:57","guid":{"rendered":"https:\/\/investswansea.com\/?page_id=13932"},"modified":"2025-02-26T13:16:17","modified_gmt":"2025-02-26T13:16:17","slug":"cookie-policy","status":"publish","type":"page","link":"https:\/\/investswansea.com\/cy\/cookie-policy\/","title":{"rendered":"Polisi Cwcis"},"content":{"rendered":"<div data-elementor-type=\"wp-page\" data-elementor-id=\"13932\" class=\"elementor elementor-13932\" data-elementor-post-type=\"page\">\n\t\t\t\t\t\t<section class=\"elementor-section elementor-top-section elementor-element elementor-element-4b963b78 elementor-section-boxed elementor-section-height-default elementor-section-height-default\" data-id=\"4b963b78\" data-element_type=\"section\" data-e-type=\"section\">\n\t\t\t\t\t\t<div class=\"elementor-container elementor-column-gap-default\">\n\t\t\t\t\t<div class=\"elementor-column elementor-col-100 elementor-top-column elementor-element elementor-element-6f467c28\" data-id=\"6f467c28\" data-element_type=\"column\" data-e-type=\"column\">\n\t\t\t<div class=\"elementor-widget-wrap elementor-element-populated\">\n\t\t\t\t\t\t<div class=\"elementor-element elementor-element-b0e5da8 elementor-widget elementor-widget-html\" data-id=\"b0e5da8\" data-element_type=\"widget\" data-e-type=\"widget\" data-widget_type=\"html.default\">\n\t\t\t\t\t<style>\n    a.cky-banner-element {\n        padding: 8px 30px;\n        background: #F8F9FA;\n        color: #858A8F;\n        border: 1px solid #DEE2E6;\n        box-sizing: border-box;\n        border-radius: 2px;\n        cursor: pointer;\n}\n<\/style>\n<h1 class=\"cookie-policy-h1\">Polisi Cwcis<\/h1>\n<p>\n    Dyddiad Effeithiol: 26-Chwef-2025 <br>\n    Diweddarwyd Ddiwethaf: 26-Chwef-2025\n<\/p>\n\n&nbsp;\n<h5>Beth yw cwcis?<\/h5>\n<div class=\"cookie-policy-p\"><p>Mae'r Polisi Cwcis hwn yn esbonio beth yw cwcis a sut rydyn ni'n eu defnyddio nhw, y mathau o gwcis rydyn ni'n eu defnyddio h.y. yr wybodaeth rydyn ni'n ei chasglu gan ddefnyddio cwcis a sut y mae'r wybodaeth honno'n cael ei defnyddio, a sut i reoli gosodiadau'r cwcis.<\/p> <p>Ffeiliau testun bach yw cwcis sy'n cael eu defnyddio i storio darnau bach o wybodaeth. Maen nhw'n cael eu storio ar eich dyfais pan fydd y wefan yn cael ei llwytho ar eich porwr. Mae'r cwcis hyn yn ein helpu i wneud i'r wefan weithio'n iawn, i'w gwneud hi'n fwy diogel, i ddarparu gwell profiad i'r defnyddiwr ac i ddeall sut mae'r wefan yn perfformio ac i ddadansoddi beth sy'n gweithio a lle mae angen gwella pethau.<\/p><\/div>\n\n&nbsp;\n<h5>Sut ydyn ni'n defnyddio cwcis?<\/h5>\n<div class=\"cookie-policy-p\"><p>Fel ar y rhan fwyaf o'r gwasanaethau ar-lein, mae'n gwefan yn defnyddio cwcis parti-cyntaf a thrydydd-parti am nifer o bwrpasau gwahanol. Mae angen cwcis parti-cyntaf yn bennaf er mwyn i'r wefan weithredu'n y ffordd iawn, a dydyn nhw ddim yn casglu unrhyw ddata all eich adnabod yn bersonol.<\/p> <p>Mae'r cwcis trydydd-parti sy'n cael eu defnyddio ar ein gwefan yn bennaf ar gyfer deall sut mae'r wefan yn perfformio, sut rydych chi'n rhyngweithio gyda'n gwefan, cadw ein gwasanaethau'n ddiogel, darparu hysbysebion sy'n berthnasol i chi, ac yn gyfan gwbl i roi gwell profiad defnyddiwr i chi a helpu i gyflymu eich rhyngweithio gyda'n gwefan yn y dyfodol.<\/p><\/div>\n\n&nbsp;\n    <h5>Mathau o Gwcis rydyn ni'n eu defnyddio<\/h5>\n\n    <div class=\"cky-audit-table-element\"><\/div>\n&nbsp;\n    <h5 style=\"margin-bottom:20px;\">Rheoli dewisiadau cwci<\/h5>\n    <a class=\"cky-banner-element\">Gosodiadau Cwcis<\/a> <br\/>\n<br\/>\n    <div><p>Gallwch newid eich dewisiadau cwci unrhyw bryd drwy glicio ar y botwm uchod. Bydd hyn yn caniat\u00e1u i chi fynd yn \u00f4l at y faner cydsynio cwcis a newid eich dewisiadau neu dynnu eich cydsyniad yn \u00f4l ar unwaith. <\/p> <p>Ar ben hyn, mae gwahanol borwyr yn darparu dulliau gwahanol i flocio a dileu cwcis sy'n cael eu defnyddio gan wefannau. Gallwch newid gosodiadau eich porwr i flocio neu ddileu'r cwcis. Isod mae'r dolenni at y dogfennau cefnogi ar sut i reoli a dileu cwcis gan y prif borwyr gwe.<\/p> <p>Chrome: <a target=\"_blank\" href=\"https:\/\/support.google.com\/accounts\/answer\/32050\">https:\/\/support.google.com\/accounts\/answer\/32050<\/a><\/p><p>Safari: <a target=\"_blank\" href=\"https:\/\/support.apple.com\/en-in\/guide\/safari\/sfri11471\/mac\">https:\/\/support.apple.com\/en-in\/guide\/safari\/sfri11471\/mac<\/a><\/p><p>Firefox: <a target=\"_blank\" href=\"https:\/\/support.mozilla.org\/en-US\/kb\/clear-cookies-and-site-data-firefox?redirectslug=delete-cookies-remove-info-websites-stored&redirectlocale=en-US\">https:\/\/support.mozilla.org\/en-US\/kb\/clear-cookies-and-site-data-firefox?redirectslug=delete-cookies-remove-info-websites-stored&redirectlocale=en-US<\/a><\/p><p>Internet Explorer: <a target=\"_blank\" href=\"https:\/\/support.microsoft.com\/en-us\/topic\/how-to-delete-cookie-files-in-internet-explorer-bca9446f-d873-78de-77ba-d42645fa52fc\">https:\/\/support.microsoft.com\/en-us\/topic\/how-to-delete-cookie-files-in-internet-explorer-bca9446f-d873-78de-77ba-d42645fa52fc<\/a><\/p><p>Os ydych chi'n defnyddio unrhyw borwr gwe arall, ewch i ddogfennau cefnogi swyddogol eich porwr.<\/p><\/div>\n\t\t\t\t<\/div>\n\t\t\t\t\t<\/div>\n\t\t<\/div>\n\t\t\t\t\t<\/div>\n\t\t<\/section>\n\t\t\t\t<\/div>","protected":false},"excerpt":{"rendered":"<p>Cookie Policy Effective Date: 26-Feb-2025 Last Updated: 26-Feb-2025 &nbsp; What are cookies? This Cookie Policy explains what cookies are and how we use them, the types of cookies we use i.e, the information we collect using cookies and how that information is used, and how to manage the cookie settings. Cookies are small text files [&hellip;]<\/p>","protected":false},"author":4,"featured_media":0,"parent":0,"menu_order":0,"comment_status":"closed","ping_status":"open","template":"","meta":{"footnotes":""},"class_list":["post-13932","page","type-page","status-publish","hentry"],"_links":{"self":[{"href":"https:\/\/investswansea.com\/cy\/wp-json\/wp\/v2\/pages\/13932","targetHints":{"allow":["GET"]}}],"collection":[{"href":"https:\/\/investswansea.com\/cy\/wp-json\/wp\/v2\/pages"}],"about":[{"href":"https:\/\/investswansea.com\/cy\/wp-json\/wp\/v2\/types\/page"}],"author":[{"embeddable":true,"href":"https:\/\/investswansea.com\/cy\/wp-json\/wp\/v2\/users\/4"}],"replies":[{"embeddable":true,"href":"https:\/\/investswansea.com\/cy\/wp-json\/wp\/v2\/comments?post=13932"}],"version-history":[{"count":0,"href":"https:\/\/investswansea.com\/cy\/wp-json\/wp\/v2\/pages\/13932\/revisions"}],"wp:attachment":[{"href":"https:\/\/investswansea.com\/cy\/wp-json\/wp\/v2\/media?parent=13932"}],"curies":[{"name":"wp","href":"https:\/\/api.w.org\/{rel}","templated":true}]}}