{"id":14901,"date":"2025-05-09T11:50:23","date_gmt":"2025-05-09T10:50:23","guid":{"rendered":"https:\/\/investswansea.com\/?page_id=14901"},"modified":"2025-08-06T09:07:05","modified_gmt":"2025-08-06T08:07:05","slug":"living-in-swansea","status":"publish","type":"page","link":"https:\/\/investswansea.com\/cy\/why-swansea\/living-in-swansea\/","title":{"rendered":"Byw yn Abertawe"},"content":{"rendered":"<div data-elementor-type=\"wp-page\" data-elementor-id=\"14901\" class=\"elementor elementor-14901\" data-elementor-post-type=\"page\">\n\t\t\t\t\t\t<section class=\"elementor-section elementor-top-section elementor-element elementor-element-4bfa3fb elementor-section-height-min-height elementor-section-boxed elementor-section-height-default elementor-section-items-middle\" data-id=\"4bfa3fb\" data-element_type=\"section\" data-e-type=\"section\" data-settings=\"{&quot;background_background&quot;:&quot;classic&quot;}\">\n\t\t\t\t\t\t\t<div class=\"elementor-background-overlay\"><\/div>\n\t\t\t\t\t\t\t<div class=\"elementor-container elementor-column-gap-default\">\n\t\t\t\t\t<div class=\"elementor-column elementor-col-100 elementor-top-column elementor-element elementor-element-065cf74\" data-id=\"065cf74\" data-element_type=\"column\" data-e-type=\"column\">\n\t\t\t<div class=\"elementor-widget-wrap elementor-element-populated\">\n\t\t\t\t\t\t<div class=\"elementor-element elementor-element-051f149 elementor-widget elementor-widget-heading\" data-id=\"051f149\" data-element_type=\"widget\" data-e-type=\"widget\" data-widget_type=\"heading.default\">\n\t\t\t\t\t<h2 class=\"elementor-heading-title elementor-size-default\">Byw yn Abertawe <\/h2>\t\t\t\t<\/div>\n\t\t\t\t\t<\/div>\n\t\t<\/div>\n\t\t\t\t\t<\/div>\n\t\t<\/section>\n\t\t\t\t<section class=\"elementor-section elementor-top-section elementor-element elementor-element-bfea0b2 elementor-section-stretched elementor-section-boxed elementor-section-height-default elementor-section-height-default\" data-id=\"bfea0b2\" data-element_type=\"section\" data-e-type=\"section\" data-settings=\"{&quot;stretch_section&quot;:&quot;section-stretched&quot;}\">\n\t\t\t\t\t\t<div class=\"elementor-container elementor-column-gap-default\">\n\t\t\t\t\t<div class=\"elementor-column elementor-col-100 elementor-top-column elementor-element elementor-element-8d53272\" data-id=\"8d53272\" data-element_type=\"column\" data-e-type=\"column\">\n\t\t\t<div class=\"elementor-widget-wrap elementor-element-populated\">\n\t\t\t\t\t\t<div class=\"elementor-element elementor-element-4bc7e12 elementor-widget elementor-widget-text-editor\" data-id=\"4bc7e12\" data-element_type=\"widget\" data-e-type=\"widget\" data-widget_type=\"text-editor.default\">\n\t\t\t\t\t\t\t\t\t<p>Fel dinas blaendraeth Cymru, mae Abertawe'n cynnig ansawdd bywyd eithriadol sy'n cydbwyso harddwch naturiol gydag egni trefol.<\/p>\t\t\t\t\t\t\t\t<\/div>\n\t\t\t\t<div class=\"elementor-element elementor-element-b92ed1b elementor-widget elementor-widget-text-editor\" data-id=\"b92ed1b\" data-element_type=\"widget\" data-e-type=\"widget\" data-widget_type=\"text-editor.default\">\n\t\t\t\t\t\t\t\t\t<p>Gyda milltiroedd o arfordir, digwyddiadau diwylliannol bywiog, tai fforddiadwy a rhaglen adfywio uchelgeisiol gwerth \u00a31 biliwn, mae'r Ddinas ar y Traeth yn gyflym yn dod yn un o ddinasoedd mwyaf deniadol i fyw ynddi yn y DU.\u00a0<\/p><p>P'un a ydych chi'n symud i'r ddinas, yn dod yn \u00f4l neu yn chwilio am well cyflymder bywyd - dewch i weld sut mae Abertawe a'i phobl yn ei gwneud hi'n hawdd teimlo'n gartrefol.<\/p>\t\t\t\t\t\t\t\t<\/div>\n\t\t\t\t<div class=\"elementor-element elementor-element-9b3e2a5 elementor-widget elementor-widget-text-editor\" data-id=\"9b3e2a5\" data-element_type=\"widget\" data-e-type=\"widget\" data-widget_type=\"text-editor.default\">\n\t\t\t\t\t\t\t\t\t<p><strong>Byw lle mae eraill yn dod ar wyliau<\/strong><\/p>\t\t\t\t\t\t\t\t<\/div>\n\t\t\t\t<div class=\"elementor-element elementor-element-20bb36c elementor-widget elementor-widget-text-editor\" data-id=\"20bb36c\" data-element_type=\"widget\" data-e-type=\"widget\" data-widget_type=\"text-editor.default\">\n\t\t\t\t\t\t\t\t\t<p>Amgylchedd naturiol Abertawe yw un o'i phrif asedau. Fel y Ddinas ar y Traeth, mae'n cynnig mynediad ar unwaith i bum milltir o arfordir eang, gyda gofodau gwyrdd tu cefn iddo a Penrhyn G\u0175yr ar y trothwy. I chi a'ch t\u00eem, mae hyn yn golygu padlfyrddio yn y bore cyn gwaith, mynd am dro ar hyd y bae dros amser cinio, ac anturiaethau dros y penwythnos funudau o'ch stepen drws.<\/p><p>Mae amgylchedd naturiol Abertawe'n fwy na dim ond harddwch - mae'n siapio hunaniaeth y ddinas, yn gwella bywyd bob dydd ac yn cynnig un o'r lleoliadau mwyaf nodedig i fyw ac i weithio ynddo yn y DU.<\/p><p>Yn swatio rhwng arfordir a chefn gwlad, mae Abertawe'n rhoi lle i chi feddwl, i anadlu ac i ffynnu. O olygfeydd o'r m\u00f4r o'ch desg i fynd am dro \u00e2'r haul yn machlud, nid rhywbeth i chi ymweld ag ef yw natur yma - mae'n rhan o wead bywyd bob dydd.\u00a0<\/p>\t\t\t\t\t\t\t\t<\/div>\n\t\t\t\t<div class=\"elementor-element elementor-element-3244549 elementor-widget elementor-widget-video\" data-id=\"3244549\" data-element_type=\"widget\" data-e-type=\"widget\" data-settings=\"{&quot;youtube_url&quot;:&quot;https:\\\/\\\/www.youtube.com\\\/watch?v=gUe3Wv5J9OI&quot;,&quot;lazy_load&quot;:&quot;yes&quot;,&quot;video_type&quot;:&quot;youtube&quot;,&quot;controls&quot;:&quot;yes&quot;}\" data-no-translation=\"\" data-widget_type=\"video.default\">\n\t\t\t\t\t<style>.elementor-element-3244549{display:none !important}<\/style>\t\t\t\t<\/div>\n\t\t\t\t<div class=\"elementor-element elementor-element-c0ac4a1 elementor-widget elementor-widget-video\" data-id=\"c0ac4a1\" data-element_type=\"widget\" data-e-type=\"widget\" data-settings=\"{&quot;youtube_url&quot;:&quot;https:\\\/\\\/www.youtube.com\\\/watch?v=IAGL0gLAbt8&quot;,&quot;video_type&quot;:&quot;youtube&quot;,&quot;controls&quot;:&quot;yes&quot;}\" data-no-translation=\"\" data-widget_type=\"video.default\">\n\t\t\t\t\t\t\t<div class=\"elementor-wrapper elementor-open-inline\">\n\t\t\t<div class=\"elementor-video\"><\/div>\t\t<\/div>\n\t\t\t\t\t\t<\/div>\n\t\t\t\t<div class=\"elementor-element elementor-element-58a7a77 elementor-widget elementor-widget-text-editor\" data-id=\"58a7a77\" data-element_type=\"widget\" data-e-type=\"widget\" data-widget_type=\"text-editor.default\">\n\t\t\t\t\t\t\t\t\t<p><strong>Lle mae'r M\u00f4r yn Cwrdd \u00e2'r Ddinas<\/strong><\/p>\t\t\t\t\t\t\t\t<\/div>\n\t\t\t\t<div class=\"elementor-element elementor-element-f3241b8 elementor-widget elementor-widget-text-editor\" data-id=\"f3241b8\" data-element_type=\"widget\" data-e-type=\"widget\" data-widget_type=\"text-editor.default\">\n\t\t\t\t\t\t\t\t\t<p>Fel Dinas ar y Traeth Cymru, mae Abertawe'n dod \u00e2 chi'n nes at natur heb gyfaddawdu ar gyfleustra.  Mae arfordir eang yn rhedeg am bum milltir o flaen canol y ddinas gan gynnig mynediad ar unwaith i draethau tywod, llwybrau arfordirol a golygfeydd panoramig dros y m\u00f4r. Boed yn badlfyrddio cyn mynd i'r gwaith, beicio ar hyd llwybr y bae neu fwynhau bwyta gyda'r m\u00f4r yn gefnlen<\/p><p>A gyda thraeth arobryn Bae Abertawe ychydig gamau o'r stryd fawr, mae'n fyw yn y ddinas wedi'i ailddychmygu.<\/p>\t\t\t\t\t\t\t\t<\/div>\n\t\t\t\t<div class=\"elementor-element elementor-element-9f1fc50 elementor-widget elementor-widget-text-editor\" data-id=\"9f1fc50\" data-element_type=\"widget\" data-e-type=\"widget\" data-widget_type=\"text-editor.default\">\n\t\t\t\t\t\t\t\t\t<p><strong>Penrhyn G\u0175yr \u2013 Natur o Safon Fyd-eang<\/strong><\/p>\t\t\t\t\t\t\t\t<\/div>\n\t\t\t\t<div class=\"elementor-element elementor-element-92590e1 elementor-widget elementor-widget-text-editor\" data-id=\"92590e1\" data-element_type=\"widget\" data-e-type=\"widget\" data-widget_type=\"text-editor.default\">\n\t\t\t\t\t\t\t\t\t<p>Taith fer yn y car o'r ddinas, mae Penrhyn G\u0175yr yn cynnig clogwyni dramatig, bryniau tonnog, coedwigoedd hynafol a rhai o draethau gorau'r DU - yn cynnwys Bae Rhosili gafodd ei bleidleisio yn un o draethau gorau'r byd. Fel Ardal o Harddwch Naturiol Eithriadol cyntaf Prydain, mae Penrhyn G\u0175yr yn noddfa i gerddwyr, i syrffwyr ac i'r rhai sy'n caru bywyd gwyllt fel ei gilydd.<\/p><p>I'r rhai sy'n symud i Abertawe, nid rhywle i ddianc am benwythnos yw Penrhyn G\u0175yr - ond rhan o'ch gardd gefn newydd!<\/p>\t\t\t\t\t\t\t\t<\/div>\n\t\t\t\t<div class=\"elementor-element elementor-element-eededd6 elementor-widget elementor-widget-text-editor\" data-id=\"eededd6\" data-element_type=\"widget\" data-e-type=\"widget\" data-widget_type=\"text-editor.default\">\n\t\t\t\t\t\t\t\t\t<p><strong>Parciau a Mannau Gwyrdd<\/strong><\/p>\t\t\t\t\t\t\t\t<\/div>\n\t\t\t\t<div class=\"elementor-element elementor-element-c9385b8 elementor-widget elementor-widget-text-editor\" data-id=\"c9385b8\" data-element_type=\"widget\" data-e-type=\"widget\" data-widget_type=\"text-editor.default\">\n\t\t\t\t\t\t\t\t\t<p>Mae Abertawe'n ddinas werdd gyda dros 50 o barciau a gerddi - o harddwch botanegol Gerddi Clyne i'r gofodau agored eang ym mharciau Singleton a Brynmill. Mae patrwm y ddinas yn sicrhau bod gofod gwyrdd yn agos i bobman, gan roi llefydd i drigolion a theuluoedd ymlacio, adnewyddu ac aros yn egn\u00efol.<\/p><p>Ychwanegwch warchodfeydd natur, llwybrau beicio a gerddi cymunedol, a dyma ddinas sy'n annog llesiant ym mhob twll a chornel.<\/p>\t\t\t\t\t\t\t\t<\/div>\n\t\t\t\t<div class=\"elementor-element elementor-element-2df5638 elementor-widget elementor-widget-text-editor\" data-id=\"2df5638\" data-element_type=\"widget\" data-e-type=\"widget\" data-widget_type=\"text-editor.default\">\n\t\t\t\t\t\t\t\t\t<p><strong>Ffordd o Fyw wedi'i Siapio gan Natur<\/strong><\/p>\t\t\t\t\t\t\t\t<\/div>\n\t\t\t\t<div class=\"elementor-element elementor-element-a8fe52e elementor-widget elementor-widget-text-editor\" data-id=\"a8fe52e\" data-element_type=\"widget\" data-e-type=\"widget\" data-widget_type=\"text-editor.default\">\n\t\t\t\t\t\t\t\t\t<p>P'un a ydych chi'n teithio i'r gwaith ar hyd yr arfordir, yn ymlacio ar greigiau Penrhyn G\u0175yr neu'n mwynhau rhedeg drwy'r parc dros amser cinio, mae amgylchedd naturiol Abertawe yn fantais ddyddiol. Mae'n cefnogi ffyrdd o fyw mwy iach, yn denu'r doniau gorau ac yn creu ymdeimlad cryfach o le ar gyfer unigolion, teuluoedd a busnesau.<\/p><p>Yn Abertawe, nid dihangfa yw natur - mae'n gefndir y fywyd bob dydd.<\/p>\t\t\t\t\t\t\t\t<\/div>\n\t\t\t\t<div class=\"elementor-element elementor-element-ce797ca elementor-widget elementor-widget-text-editor\" data-id=\"ce797ca\" data-element_type=\"widget\" data-e-type=\"widget\" data-widget_type=\"text-editor.default\">\n\t\t\t\t\t\t\t\t\t<p><strong>Diwylliant ac Adloniant<\/strong><\/p>\t\t\t\t\t\t\t\t<\/div>\n\t\t\t\t<div class=\"elementor-element elementor-element-24b0228 elementor-widget elementor-widget-text-editor\" data-id=\"24b0228\" data-element_type=\"widget\" data-e-type=\"widget\" data-widget_type=\"text-editor.default\">\n\t\t\t\t\t\t\t\t\t<p>Yn gartref i arena mwyaf newydd Cymru ac yn cynnal calendr o ddigwyddiadau, gwyliau, cerddoriaeth fyw a chwaraeon drwy gydol y flwyddyn, mae rhywbeth yn digwydd yn Abertawe drwy'r amser<\/p><p>O'i digwyddiadau creadigol dynamig a'i threftadaeth gyfoethog i'w digwyddiadau o safon byd a'i diwylliant chwaraeon bywiog, mae'r Ddinas ar y Traeth yn cynnig amgylchedd sy'n ysbrydoli i bob chwaeth.<\/p>\t\t\t\t\t\t\t\t<\/div>\n\t\t\t\t<div class=\"elementor-element elementor-element-45f243b elementor-widget elementor-widget-text-editor\" data-id=\"45f243b\" data-element_type=\"widget\" data-e-type=\"widget\" data-widget_type=\"text-editor.default\">\n\t\t\t\t\t\t\t\t\t<p><strong>Cerddoriaeth a'r Celfyddydau<\/strong><\/p>\t\t\t\t\t\t\t\t<\/div>\n\t\t\t\t<div class=\"elementor-element elementor-element-97d0df8 elementor-widget elementor-widget-text-editor\" data-id=\"97d0df8\" data-element_type=\"widget\" data-e-type=\"widget\" data-widget_type=\"text-editor.default\">\n\t\t\t\t\t\t\t\t\t<p>Mae Abertawe'n llawn o egni creadigol gan gynnig digwyddiadau celfyddydol a cherddorol wedi'u hangori gan leoliadau eiconig. O acwsteg gwych Neuadd Brangwyn i berfformiadau hyfryd yn Theatr y Grand ac arddangosfeydd yn Oriel Gelf Glynn Vivian, mae'r ddinas yn fagnet i ddoniau byd-enwog.<\/p><p>Uchafbwynt yw Arena Abertawe, lleoliad blaengar gafodd ei agor yn 2022. Gyda lle i gynulleidfa o 3,500 a chysylltiad trawiadol i ganol y ddinas dros y bont nodedig, mae eisoes wedi croesawu dros 350,000 o ymwelwyr ar gyfer perfformiadau cerddoriaeth, comedi a theatr eithriadol.<\/p>\t\t\t\t\t\t\t\t<\/div>\n\t\t\t\t<div class=\"elementor-element elementor-element-7d9381c elementor-widget elementor-widget-text-editor\" data-id=\"7d9381c\" data-element_type=\"widget\" data-e-type=\"widget\" data-widget_type=\"text-editor.default\">\n\t\t\t\t\t\t\t\t\t<p><strong>Digwyddiadau<\/strong><\/p>\t\t\t\t\t\t\t\t<\/div>\n\t\t\t\t<div class=\"elementor-element elementor-element-3412be0 elementor-widget elementor-widget-text-editor\" data-id=\"3412be0\" data-element_type=\"widget\" data-e-type=\"widget\" data-widget_type=\"text-editor.default\">\n\t\t\t\t\t\t\t\t\t<p>Gyda'i lleoliad dramatig ar yr arfordir, mae Abertawe'n troi'n llwyfan naturiol ar gyfer digwyddiadau bythgofiadwy. Pob mis Gorffennaf bydd y ddinas yn cynnal Sioe Awyr Cymru, gan ddenu dros 200,000 o bobl i wylio'r awyr a mwynhau'r traethau.<\/p><p>Drwy'r flwyddyn mae Abertawe'n ffynnu ar adrenalin digwyddiadau chwaraeon o'r radd flaenaf yn cynnwys Triathlon Abertawe, Hanner Marathon, 10k Bae Abertawe a'r Ironman 70.3 - gan droi'r ddinas yn faes chwarae i athletwyr a chefnogwyr fel ei gilydd.<\/p>\t\t\t\t\t\t\t\t<\/div>\n\t\t\t\t<div class=\"elementor-element elementor-element-c456496 elementor-widget elementor-widget-text-editor\" data-id=\"c456496\" data-element_type=\"widget\" data-e-type=\"widget\" data-widget_type=\"text-editor.default\">\n\t\t\t\t\t\t\t\t\t<p><strong>Chwaraeon<\/strong><\/p>\t\t\t\t\t\t\t\t<\/div>\n\t\t\t\t<div class=\"elementor-element elementor-element-3288fe5 elementor-widget elementor-widget-text-editor\" data-id=\"3288fe5\" data-element_type=\"widget\" data-e-type=\"widget\" data-widget_type=\"text-editor.default\">\n\t\t\t\t\t\t\t\t\t<p>Yn Abertawe, mae chwaraeon yn fwy na dim ond adloniant - mae'n angerdd, wrth i'r ddinas gefnogi ei thimau.  Mae Clwb P\u00eal-droed Abertawe'n dod \u00e2 chyffro'r Bencampwriaeth yn fyw, gan ddenu torfeydd i Stadiwm Swansea.com. Yn y cyfamser, mae t\u00eem rygbi'r Gweilch ar fin cychwyn ar bennod newydd yn eu cartref newydd ar faes San Helen ar y blaendraeth.<\/p><p>Y tu hwnt i'r cae chwarae, mae Abertawe'n cefnogi ffordd o fyw egn\u00efol gyda chyfleusterau o'r radd flaenaf - campfeydd, pwll nofio 50 metr, canolfan hamdden fywiog gyda pharc d\u0175r - yn ogystal \u00e2 digonedd o chwaraeon d\u0175r a llwybrau cerdded a beicio \u00e2 golygfeydd hardd.<\/p>\t\t\t\t\t\t\t\t<\/div>\n\t\t\t\t<div class=\"elementor-element elementor-element-4a08bfe elementor-widget elementor-widget-text-editor\" data-id=\"4a08bfe\" data-element_type=\"widget\" data-e-type=\"widget\" data-widget_type=\"text-editor.default\">\n\t\t\t\t\t\t\t\t\t<p><strong>Cymuned<\/strong><\/p>\t\t\t\t\t\t\t\t<\/div>\n\t\t\t\t<div class=\"elementor-element elementor-element-de9a12c elementor-widget elementor-widget-text-editor\" data-id=\"de9a12c\" data-element_type=\"widget\" data-e-type=\"widget\" data-widget_type=\"text-editor.default\">\n\t\t\t\t\t\t\t\t\t<p>Pobl Abertawe ac ymdeimlad o gymuned yw un o'i hasedau cryfaf. Yn Ddinas Noddfa swyddogol, fe gewch groeso cynnes yma a digon o gyfleoedd i fod yn rhan o'r gymuned. P'un a ydych chi'n newydd i'r ddinas neu'n dod yn \u00f4l adref, rydych chi'n gwneud mwy na symud i mewn - rydych chi'n perthyn.<\/p><p>Mae Abertawe'n ddinas sy'n ffynnu ar ei phobl - cymuned fywiog, gynhwysol a blaengar. Gyda phoblogaeth o 241,300 a rhagamcaniadau y bydd yn cyrraedd 250,000 erbyn 2030, mae Abertawe'n tyfu o ran maint ac ysbryd.<\/p>\t\t\t\t\t\t\t\t<\/div>\n\t\t\t\t<div class=\"elementor-element elementor-element-1e57029 elementor-widget elementor-widget-text-editor\" data-id=\"1e57029\" data-element_type=\"widget\" data-e-type=\"widget\" data-widget_type=\"text-editor.default\">\n\t\t\t\t\t\t\t\t\t<p><strong>Croeso Abertawe<\/strong><\/p>\t\t\t\t\t\t\t\t<\/div>\n\t\t\t\t<div class=\"elementor-element elementor-element-8b11d36 elementor-widget elementor-widget-text-editor\" data-id=\"8b11d36\" data-element_type=\"widget\" data-e-type=\"widget\" data-widget_type=\"text-editor.default\">\n\t\t\t\t\t\t\t\t\t<p>Mae Abertawe'n falch o fod \u00e2 statws Dinas Noddfa swyddogol, cydnabyddiaeth sy'n cael ei dyfarnu i ddinasoedd sy'n dangos diwylliant o letygarwch a chroeso, yn enwedig i ffoaduriaid sy'n ceisio noddfa rhag rhyfel ac erledigaeth. Mae'r ymrwymiad hwn i fod yn gynhwysol yn amlwg mewn mentrau megis Hwb Diwylliant BAME Abertawe sy'n dod \u00e2 grwpiau cymunedol amrywiol at ei gilydd yng nghanol y ddinas.<\/p>\t\t\t\t\t\t\t\t<\/div>\n\t\t\t\t<div class=\"elementor-element elementor-element-93a0e85 elementor-widget elementor-widget-text-editor\" data-id=\"93a0e85\" data-element_type=\"widget\" data-e-type=\"widget\" data-widget_type=\"text-editor.default\">\n\t\t\t\t\t\t\t\t\t<p><strong>Ynni ac Arloesedd Ieuanc<\/strong><\/p>\t\t\t\t\t\t\t\t<\/div>\n\t\t\t\t<div class=\"elementor-element elementor-element-da3c374 elementor-widget elementor-widget-text-editor\" data-id=\"da3c374\" data-element_type=\"widget\" data-e-type=\"widget\" data-widget_type=\"text-editor.default\">\n\t\t\t\t\t\t\t\t\t<p>Yn gartref i ddwy brifysgol, mae gan Abertawe boblogaeth o 29,000 o fyfyrwyr, gan lenwi'r ddinas ag ynni ac arloesedd yr ieuanc. Mae'r amgylchedd academaidd dynamig hwn yn cyfrannu at weithlu medrus a darpariaeth ddiwylliannol fywiog.<\/p>\t\t\t\t\t\t\t\t<\/div>\n\t\t\t\t<div class=\"elementor-element elementor-element-9c9cb33 elementor-widget elementor-widget-text-editor\" data-id=\"9c9cb33\" data-element_type=\"widget\" data-e-type=\"widget\" data-widget_type=\"text-editor.default\">\n\t\t\t\t\t\t\t\t\t<p><strong>Ffordd o Fyw a Chymunedau sy'n Ffynnu<\/strong><\/p>\t\t\t\t\t\t\t\t<\/div>\n\t\t\t\t<div class=\"elementor-element elementor-element-914dacb elementor-widget elementor-widget-text-editor\" data-id=\"914dacb\" data-element_type=\"widget\" data-e-type=\"widget\" data-widget_type=\"text-editor.default\">\n\t\t\t\t\t\t\t\t\t<p>Mae cymunedau Abertawe'n cynnig cymysgedd o harddwch yr arfordir a chyfleustra'r dref. Mae ardal yr Uplands wedi cael ei gydnabod gan Travel Supermarket fel un o lefydd mwyaf hip y DU i dreulio amser ynddo ac mae'r Mwmbwls wedi cael ei enwi'r Lle Gorau i Fyw yng Nghymru gan y Sunday Times. Mae'r acol\u00e2dau hyn yn adlewyrchu ap\u00eal y ddinas i drigolion ac ymwelwyr fel ei gilydd sy'n chwilio am ffordd o fyw o ansawdd uchel.<\/p>\t\t\t\t\t\t\t\t<\/div>\n\t\t\t\t<div class=\"elementor-element elementor-element-8fd3612 elementor-widget elementor-widget-text-editor\" data-id=\"8fd3612\" data-element_type=\"widget\" data-e-type=\"widget\" data-widget_type=\"text-editor.default\">\n\t\t\t\t\t\t\t\t\t<p><strong>Hygyrch ac wedi'i Gysylltu<\/strong><\/p>\t\t\t\t\t\t\t\t<\/div>\n\t\t\t\t<div class=\"elementor-element elementor-element-da827b9 elementor-widget elementor-widget-text-editor\" data-id=\"da827b9\" data-element_type=\"widget\" data-e-type=\"widget\" data-widget_type=\"text-editor.default\">\n\t\t\t\t\t\t\t\t\t<p>Mae dros 600,000 o bobl yn byw o fewn hanner awr yn y car o'r ddinas, a 2 filiwn arall o fewn awr o daith, gan ei wneud yn hwb hygyrch ar gyfer busnes a hamdden.<\/p>\t\t\t\t\t\t\t\t<\/div>\n\t\t\t\t\t<\/div>\n\t\t<\/div>\n\t\t\t\t\t<\/div>\n\t\t<\/section>\n\t\t\t\t<section class=\"elementor-section elementor-top-section elementor-element elementor-element-30bd838 elementor-section-boxed elementor-section-height-default elementor-section-height-default\" data-id=\"30bd838\" data-element_type=\"section\" data-e-type=\"section\" data-settings=\"{&quot;background_background&quot;:&quot;classic&quot;}\">\n\t\t\t\t\t\t<div class=\"elementor-container elementor-column-gap-default\">\n\t\t\t\t\t<div class=\"elementor-column elementor-col-50 elementor-top-column elementor-element elementor-element-18c6128\" data-id=\"18c6128\" data-element_type=\"column\" data-e-type=\"column\" data-settings=\"{&quot;background_background&quot;:&quot;classic&quot;}\">\n\t\t\t<div class=\"elementor-widget-wrap elementor-element-populated\">\n\t\t\t\t\t\t<div class=\"elementor-element elementor-element-ed6587e elementor-cta--skin-cover elementor-cta--valign-middle elementor-animated-content elementor-bg-transform elementor-bg-transform-zoom-in elementor-widget elementor-widget-call-to-action\" data-id=\"ed6587e\" data-element_type=\"widget\" data-e-type=\"widget\" data-widget_type=\"call-to-action.default\">\n\t\t\t\t\t\t\t<a class=\"elementor-cta\" href=\"https:\/\/investswansea.com\/cy\/key-sectors\/\">\n\t\t\t\t\t<div class=\"elementor-cta__bg-wrapper\">\n\t\t\t\t<div class=\"elementor-cta__bg elementor-bg\" style=\"background-image: url(https:\/\/investswansea.com\/wp-content\/uploads\/2024\/12\/shutterstock_1984308584-1024x640.jpg);\" role=\"img\" aria-label=\"shutterstock_1984308584\"><\/div>\n\t\t\t\t<div class=\"elementor-cta__bg-overlay\"><\/div>\n\t\t\t<\/div>\n\t\t\t\t\t\t\t<div class=\"elementor-cta__content\">\n\t\t\t\t\n\t\t\t\t\t\t\t\t\t<h2 class=\"elementor-cta__title elementor-cta__content-item elementor-content-item elementor-animated-item--grow\">\n\t\t\t\t\t\tSECTORAU ALLWEDDOL\t\t\t\t\t<\/h2>\n\t\t\t\t\n\t\t\t\t\n\t\t\t\t\t\t\t<\/div>\n\t\t\t\t\t\t<\/a>\n\t\t\t\t\t\t<\/div>\n\t\t\t\t\t<\/div>\n\t\t<\/div>\n\t\t\t\t<div class=\"elementor-column elementor-col-50 elementor-top-column elementor-element elementor-element-3b0276a\" data-id=\"3b0276a\" data-element_type=\"column\" data-e-type=\"column\">\n\t\t\t<div class=\"elementor-widget-wrap elementor-element-populated\">\n\t\t\t\t\t\t<div class=\"elementor-element elementor-element-1780e8b elementor-cta--skin-cover elementor-animated-content elementor-bg-transform elementor-bg-transform-zoom-in elementor-widget elementor-widget-call-to-action\" data-id=\"1780e8b\" data-element_type=\"widget\" data-e-type=\"widget\" data-widget_type=\"call-to-action.default\">\n\t\t\t\t\t\t\t<a class=\"elementor-cta\" href=\"https:\/\/investswansea.com\/cy\/why-swansea\/\">\n\t\t\t\t\t<div class=\"elementor-cta__bg-wrapper\">\n\t\t\t\t<div class=\"elementor-cta__bg elementor-bg\" style=\"background-image: url(https:\/\/investswansea.com\/wp-content\/uploads\/2024\/06\/city-of-future-1-1024x1024.jpg);\" role=\"img\" aria-label=\"city-of-future\"><\/div>\n\t\t\t\t<div class=\"elementor-cta__bg-overlay\"><\/div>\n\t\t\t<\/div>\n\t\t\t\t\t\t\t<div class=\"elementor-cta__content\">\n\t\t\t\t\n\t\t\t\t\t\t\t\t\t<h2 class=\"elementor-cta__title elementor-cta__content-item elementor-content-item elementor-animated-item--grow\">\n\t\t\t\t\t\tPam Abertawe?\t\t\t\t\t<\/h2>\n\t\t\t\t\n\t\t\t\t\n\t\t\t\t\t\t\t<\/div>\n\t\t\t\t\t\t<\/a>\n\t\t\t\t\t\t<\/div>\n\t\t\t\t\t<\/div>\n\t\t<\/div>\n\t\t\t\t\t<\/div>\n\t\t<\/section>\n\t\t\t\t<\/div>","protected":false},"excerpt":{"rendered":"<p>Living In Swansea As Wales\u2019s waterfront city, Swansea offers an exceptional quality of life that balances natural beauty with urban energy. With miles of coastline, a thriving cultural scene, affordable housing and an ambitious \u00a31 billion regeneration programme, the City on the Beach is fast becoming one of the UK\u2019s most liveable cities.\u00a0 Whether you\u2019re [&hellip;]<\/p>","protected":false},"author":7,"featured_media":0,"parent":14614,"menu_order":0,"comment_status":"closed","ping_status":"closed","template":"","meta":{"footnotes":""},"class_list":["post-14901","page","type-page","status-publish","hentry"],"_links":{"self":[{"href":"https:\/\/investswansea.com\/cy\/wp-json\/wp\/v2\/pages\/14901","targetHints":{"allow":["GET"]}}],"collection":[{"href":"https:\/\/investswansea.com\/cy\/wp-json\/wp\/v2\/pages"}],"about":[{"href":"https:\/\/investswansea.com\/cy\/wp-json\/wp\/v2\/types\/page"}],"author":[{"embeddable":true,"href":"https:\/\/investswansea.com\/cy\/wp-json\/wp\/v2\/users\/7"}],"replies":[{"embeddable":true,"href":"https:\/\/investswansea.com\/cy\/wp-json\/wp\/v2\/comments?post=14901"}],"version-history":[{"count":0,"href":"https:\/\/investswansea.com\/cy\/wp-json\/wp\/v2\/pages\/14901\/revisions"}],"up":[{"embeddable":true,"href":"https:\/\/investswansea.com\/cy\/wp-json\/wp\/v2\/pages\/14614"}],"wp:attachment":[{"href":"https:\/\/investswansea.com\/cy\/wp-json\/wp\/v2\/media?parent=14901"}],"curies":[{"name":"wp","href":"https:\/\/api.w.org\/{rel}","templated":true}]}}